{"id":505,"date":"2024-12-17T17:14:17","date_gmt":"2024-12-17T16:14:17","guid":{"rendered":"https:\/\/selykeogestion.fr\/?page_id=505"},"modified":"2025-04-05T17:23:02","modified_gmt":"2025-04-05T15:23:02","slug":"pack-zen","status":"publish","type":"page","link":"https:\/\/selykeogestion.fr\/?page_id=505","title":{"rendered":""},"content":{"rendered":"\n<h3 class=\"wp-block-heading\"><strong>OFFRE PREMIUM : ENTREPRENEZ AVEC S\u00c9R\u00c9NIT\u00c9 &amp; PERFORMANCE, TOUT EN UN<\/strong><\/h3>\n\n\n\n<div class=\"wp-block-essential-blocks-advanced-heading  root-eb-advance-heading-8agll\"><div class=\"eb-parent-wrapper eb-parent-eb-advance-heading-8agll \"><div class=\"eb-advance-heading-wrapper eb-advance-heading-8agll button-1\" data-id=\"eb-advance-heading-8agll\"><h3 class=\"eb-ah-title\">Un seul logiciel pour piloter toute votre entreprise. Un accompagnement humain pour vous guider. Un partenaire expert-comptable pour g\u00e9rer votre fiscalit\u00e9. La combinaison parfaite pour une gestion ultra simplifi\u00e9e.<\/h3><\/div><\/div><\/div>\n\n\n\n<div class=\"wp-block-media-text is-stacked-on-mobile\"><figure class=\"wp-block-media-text__media\"><img fetchpriority=\"high\" decoding=\"async\" width=\"1200\" height=\"926\" src=\"https:\/\/selykeogestion.fr\/wp-content\/uploads\/2024\/12\/10-05-24-146-ter-1200x926.jpg\" alt=\"\" class=\"wp-image-487 size-full\" srcset=\"https:\/\/selykeogestion.fr\/wp-content\/uploads\/2024\/12\/10-05-24-146-ter-1200x926.jpg 1200w, https:\/\/selykeogestion.fr\/wp-content\/uploads\/2024\/12\/10-05-24-146-ter-500x386.jpg 500w, https:\/\/selykeogestion.fr\/wp-content\/uploads\/2024\/12\/10-05-24-146-ter-300x231.jpg 300w, https:\/\/selykeogestion.fr\/wp-content\/uploads\/2024\/12\/10-05-24-146-ter-768x592.jpg 768w, https:\/\/selykeogestion.fr\/wp-content\/uploads\/2024\/12\/10-05-24-146-ter-1536x1185.jpg 1536w, https:\/\/selykeogestion.fr\/wp-content\/uploads\/2024\/12\/10-05-24-146-ter-2048x1580.jpg 2048w, https:\/\/selykeogestion.fr\/wp-content\/uploads\/2024\/12\/10-05-24-146-ter-97x75.jpg 97w, https:\/\/selykeogestion.fr\/wp-content\/uploads\/2024\/12\/10-05-24-146-ter-480x370.jpg 480w\" sizes=\"(max-width:767px) 480px, (max-width:1200px) 100vw, 1200px\" \/><\/figure><div class=\"wp-block-media-text__content\">\n<p><strong>24 ANS D\u2019EXP\u00c9RIENCE POUR VOUS ACCOMPAGNER AVEC BIENVEILLANCE<\/strong><\/p>\n\n\n\n<p>Entreprendre est une aventure passionnante, mais la gestion administrative et financi\u00e8re peut \u00eatre un frein. Vous voulez \u00eatre serein(e), savoir o\u00f9 vous en \u00eates financi\u00e8rement et ne plus perdre de temps avec les obligations comptables.<\/p>\n\n\n\n<p><strong>Bonne nouvelle : Vous n\u2019\u00eates plus seul(e)<\/strong><\/p>\n\n\n\n<p>Je sais que la cl\u00e9 du succ\u00e8s ne repose pas uniquement sur le chiffre d\u2019affaires. C\u2019est la gestion et l\u2019optimisation fiscale qui font la diff\u00e9rence entre une entreprise qui survit et une entreprise qui prosp\u00e8re.<\/p>\n\n\n\n<p>C\u2019est pourquoi j\u2019ai cr\u00e9\u00e9 cette offre : une solution compl\u00e8te, simple et accessible, pour que vous puissiez g\u00e9rer votre entreprise avec clart\u00e9 et s\u00e9r\u00e9nit\u00e9<\/p>\n<\/div><\/div>\n\n\n\n<div class=\"wp-block-essential-blocks-accordion  root-eb-accordion-iw11d\"><div class=\"eb-parent-wrapper eb-parent-eb-accordion-iw11d eb_animation eb___animated eb___fadeIn\"><div class=\"eb-accordion-container eb-accordion-iw11d\" data-accordion-type=\"accordion\" data-tab-icon=\"dashicons-plus-alt2\" data-expanded-icon=\"dashicons-minus\" data-transition-duration=\"500\"><div class=\"eb-accordion-inner\">\n<div class=\"wp-block-essential-blocks-accordion-item eb-accordion-item-ndnoe eb-accordion-wrapper\" data-clickable=\"false\"><div class=\"eb-accordion-title-wrapper eb-accordion-title-wrapper-eb-accordion-iw11d\" tabindex=\"0\"><span class=\"eb-accordion-icon-wrapper eb-accordion-icon-wrapper-eb-accordion-iw11d\"><span class=\"dashicon dashicons dashicons-plus-alt2 eb-accordion-icon\"><\/span><\/span><div class=\"eb-accordion-title-content-wrap title-content-eb-accordion-iw11d\"><span class=\"dashicon dashicons dashicons-welcome-write-blog eb-accordion-title-prefix-icon\"><\/span><h3 class=\"eb-accordion-title\">UN SEUL LOGICIEL POUR G\u00c9RER 100% DE VOTRE ENTREPRISE et 200% HUMAIN POUR VOUS ACCOMPAGNER<\/h3><\/div><\/div><div class=\"eb-accordion-content-wrapper eb-accordion-content-wrapper-eb-accordion-iw11d\"><div class=\"eb-accordion-content\">\n<p>Avec notre solution, fini la dispersion entre plusieurs outils compliqu\u00e9s. Vous avez un seul espace pour tout g\u00e9rer.<\/p>\n\n\n<div class=\"wp-block-image\">\n<figure class=\"alignleft is-resized\"><img decoding=\"async\" src=\"https:\/\/fonts.gstatic.com\/s\/e\/notoemoji\/16.0\/1f4bb\/32.png\" alt=\"\ud83d\udcbb\" style=\"width:25px;height:auto\"\/><\/figure>\n<\/div>\n\n\n<p>&nbsp;Un seul logiciel, une gestion simplifi\u00e9e<\/p>\n\n\n\n<ul class=\"wp-block-list\">\n<li class=\"has-black-color has-text-color has-link-color wp-elements-31a3c0596d0bab0e3e55b6968abc8226\">Facturation &amp; devis : cr\u00e9ation, envoi, suivi automatique<\/li>\n\n\n\n<li class=\"has-black-color has-text-color has-link-color wp-elements-9609d157bdca61c36ac5f4c2c612306b\">Gestion des paiements : relances automatis\u00e9es et suivi des encaissements<\/li>\n\n\n\n<li class=\"has-black-color has-text-color has-link-color wp-elements-62077bc40a95e69d0fe002d08680b384\">Notes de frais &amp; justificatifs et frais kilom\u00e9trique int\u00e9gr\u00e9 : scannez et g\u00e9n\u00e9rer et archivez en un clic<\/li>\n\n\n\n<li class=\"has-black-color has-text-color has-link-color wp-elements-f06904517667c1855db7a323a1b63954\">Tableaux de bord &amp; indicateurs financiers : suivez votre activit\u00e9 en temps r\u00e9el<\/li>\n\n\n\n<li class=\"has-black-color has-text-color has-link-color wp-elements-d4bb8c21bd54f8f850b2513fd44c53ee\">Rapprochement bancaire automatique : plus besoin de tout noter \u00e0 la main<\/li>\n\n\n\n<li class=\"has-black-color has-text-color has-link-color wp-elements-e8adb11e449ef39bef2b3d147860857a\">Transmission directe avec votre expert-comptable : tout est int\u00e9gr\u00e9, aucun document \u00e0 transf\u00e9rer<\/li>\n<\/ul>\n\n\n<div class=\"wp-block-image\">\n<figure class=\"alignleft is-resized\"><img decoding=\"async\" src=\"https:\/\/fonts.gstatic.com\/s\/e\/notoemoji\/16.0\/1f4a1\/32.png\" alt=\"\ud83d\udca1\" style=\"width:26px;height:auto\"\/><\/figure>\n<\/div>\n\n\n<p>&nbsp;Un seul logiciel = un gain de temps \u00e9norme et z\u00e9ro stress<\/p>\n<\/div><\/div><\/div>\n\n\n\n<div class=\"wp-block-essential-blocks-accordion-item eb-accordion-item-8euxd eb-accordion-wrapper\" data-clickable=\"false\"><div class=\"eb-accordion-title-wrapper eb-accordion-title-wrapper-eb-accordion-iw11d\" tabindex=\"0\"><span class=\"eb-accordion-icon-wrapper eb-accordion-icon-wrapper-eb-accordion-iw11d\"><span class=\"dashicon dashicons dashicons-plus-alt2 eb-accordion-icon\"><\/span><\/span><div class=\"eb-accordion-title-content-wrap title-content-eb-accordion-iw11d\"><span class=\"dashicon dashicons dashicons-chart-bar eb-accordion-title-prefix-icon\"><\/span><h3 class=\"eb-accordion-title\">UN ACCOMPAGNEMENT COMPLET POUR ALLER PLUS LOIN<\/h3><\/div><\/div><div class=\"eb-accordion-content-wrapper eb-accordion-content-wrapper-eb-accordion-iw11d\"><div class=\"eb-accordion-content\">\n<p>Nous ne nous arr\u00eatons pas au logiciel<\/p>\n\n\n\n<p>En plus d\u2019un outil performant, vous b\u00e9n\u00e9ficiez d\u2019un vrai accompagnement humain pour structurer et optimiser votre activit\u00e9<\/p>\n\n\n\n<ul class=\"wp-block-list\">\n<li class=\"has-black-color has-text-color has-link-color wp-elements-8bd4d5d7e7d864d31c80e3bddca6e1cd\">Organisation &amp; structuration administrative : ne perdez plus vos documents<\/li>\n\n\n\n<li class=\"has-black-color has-text-color has-link-color wp-elements-8f502973623fd9d0abeabe62f4a04a5e\">Accompagnement pour \u00e9voluer vers l\u2019Entreprise Individuelle (EI) si besoin<\/li>\n\n\n\n<li class=\"has-black-color has-text-color has-link-color wp-elements-02f899af39caaed7b68073f3d5cfecc0\">Un partenaire expert-comptable qui g\u00e8re votre fiscalit\u00e9 et votre liasse fiscale<\/li>\n\n\n\n<li class=\"has-black-color has-text-color has-link-color wp-elements-8c679b81b65911bdb05a6f8d360e3d38\">Un tableau de bord personnalis\u00e9 pour piloter votre entreprise<\/li>\n\n\n\n<li class=\"has-black-color has-text-color has-link-color wp-elements-a1ade70db9902e5e84923dd3f55ad6bc\">Calcul de votre seuil de rentabilit\u00e9 : combien devez-vous facturer pour \u00eatre rentable<\/li>\n<\/ul>\n\n\n\n<p>\u00a0<\/p>\n\n\n<div class=\"wp-block-image\">\n<figure class=\"alignleft is-resized\"><img decoding=\"async\" src=\"https:\/\/fonts.gstatic.com\/s\/e\/notoemoji\/16.0\/1f4a1\/32.png\" alt=\"\ud83d\udca1\" style=\"width:21px;height:auto\"\/><\/figure>\n<\/div>\n\n\n<p>&nbsp;Vous avez enfin une vision claire et pr\u00e9cise de votre activit\u00e9<\/p>\n<\/div><\/div><\/div>\n\n\n\n<div class=\"wp-block-essential-blocks-accordion-item eb-accordion-item-6wgfj eb-accordion-wrapper\" data-clickable=\"false\"><div class=\"eb-accordion-title-wrapper eb-accordion-title-wrapper-eb-accordion-iw11d\" tabindex=\"0\"><span class=\"eb-accordion-icon-wrapper eb-accordion-icon-wrapper-eb-accordion-iw11d\"><span class=\"dashicon dashicons dashicons-plus-alt2 eb-accordion-icon\"><\/span><\/span><div class=\"eb-accordion-title-content-wrap title-content-eb-accordion-iw11d\"><i icon=\"far fa-handshake\" class=\"far fa-handshake eb-accordion-title-prefix-icon\"><\/i><h3 class=\"eb-accordion-title\">TARIFICATION CLAIRE &#038; TRANSPARENTE<\/h3><\/div><\/div><div class=\"eb-accordion-content-wrapper eb-accordion-content-wrapper-eb-accordion-iw11d\"><div class=\"eb-accordion-content\"><div class=\"wp-block-image\">\n<figure class=\"alignleft is-resized\"><img decoding=\"async\" src=\"https:\/\/fonts.gstatic.com\/s\/e\/notoemoji\/16.0\/1f4b0\/32.png\" alt=\"\ud83d\udcb0\" style=\"width:23px;height:auto\"\/><\/figure>\n<\/div>\n\n\n<p>&nbsp;Un tarif unique, sans surprise<\/p>\n\n\n\n<ul class=\"wp-block-list\">\n<li class=\"has-black-color has-text-color has-link-color wp-elements-ae8c0a7e65501d576c1fd985a295ba6f\">Accompagnement &amp; Expert-Comptable : 119\u20ac HT\/mois<\/li>\n\n\n\n<li class=\"has-black-color has-text-color has-link-color wp-elements-bad27e1e5d5acb84162b17c3ea639ce5\">Logiciel de gestion &amp; facturation : 29\u20ac HT\/mois<\/li>\n<\/ul>\n\n\n<div class=\"wp-block-image\">\n<figure class=\"alignleft\"><img decoding=\"async\" src=\"https:\/\/fonts.gstatic.com\/s\/e\/notoemoji\/16.0\/1f449\/32.png\" alt=\"\ud83d\udc49\"\/><\/figure>\n<\/div>\n\n\n<p>\u00a0Total : 148\u20ac HT\/mois pour une gestion compl\u00e8te et optimis\u00e9e<\/p>\n\n\n\n<p><\/p>\n\n\n<div class=\"wp-block-image\">\n<figure class=\"alignleft\"><img decoding=\"async\" src=\"https:\/\/fonts.gstatic.com\/s\/e\/notoemoji\/16.0\/1f4e2\/32.png\" alt=\"\ud83d\udce2\"\/><\/figure>\n<\/div>\n\n\n<p>&nbsp;\u201cUn outil + un expert + un accompagnement = une gestion simplifi\u00e9e et performante, bien moins ch\u00e8re qu\u2019un cabinet comptable classique !\u201d<\/p>\n<\/div><\/div><\/div>\n\n\n\n<div class=\"wp-block-essential-blocks-accordion-item eb-accordion-item-ybxrk eb-accordion-wrapper\" data-clickable=\"false\"><div class=\"eb-accordion-title-wrapper eb-accordion-title-wrapper-eb-accordion-iw11d\" tabindex=\"0\"><span class=\"eb-accordion-icon-wrapper eb-accordion-icon-wrapper-eb-accordion-iw11d\"><span class=\"dashicon dashicons dashicons-plus-alt2 eb-accordion-icon\"><\/span><\/span><div class=\"eb-accordion-title-content-wrap title-content-eb-accordion-iw11d\"><span class=\"dashicon dashicons dashicons-tag eb-accordion-title-prefix-icon\"><\/span><h3 class=\"eb-accordion-title\">POURQUOI CETTE OFFRE EST UNIQUE<\/h3><\/div><\/div><div class=\"eb-accordion-content-wrapper eb-accordion-content-wrapper-eb-accordion-iw11d\"><div class=\"eb-accordion-content\">\n<p>Avec cette offre, vous avez :<\/p>\n\n\n\n<ul class=\"wp-block-list\">\n<li class=\"has-black-color has-text-color has-link-color wp-elements-a2214cb7c0353525a412002868062121\">Un seul outil centralis\u00e9 au lieu de jongler entre plusieurs logiciels<\/li>\n\n\n\n<li class=\"has-black-color has-text-color has-link-color wp-elements-89f957f8c65416fb33f23181975ae477\">Un expert-comptable int\u00e9gr\u00e9 pour g\u00e9rer la fiscalit\u00e9<\/li>\n\n\n\n<li class=\"has-black-color has-text-color has-link-color wp-elements-ed8d185ae7b2a2703272f78de42acb64\">Un accompagnement strat\u00e9gique pour maximiser votre rentabilit\u00e9<\/li>\n\n\n\n<li class=\"has-black-color has-text-color has-link-color wp-elements-e4dc04f67937a11fb8e12d2f7f1cc5d4\">Une vision claire et en temps r\u00e9el de votre activit\u00e9<\/li>\n<\/ul>\n\n\n<div class=\"wp-block-image\">\n<figure class=\"alignleft\"><img decoding=\"async\" src=\"https:\/\/fonts.gstatic.com\/s\/e\/notoemoji\/16.0\/1f4e2\/32.png\" alt=\"\ud83d\udce2\"\/><\/figure>\n<\/div>\n\n\n<p>&nbsp;\u201cG\u00e9rer son entreprise ne doit pas \u00eatre un casse-t\u00eate. Avec cette solution tout-en-un, vous gagnez du temps, de la clart\u00e9 et de la rentabilit\u00e9.\u201d<\/p>\n<\/div><\/div><\/div>\n<\/div><\/div><\/div><\/div>\n\n\n\n<div class=\"wp-block-cover alignfull wp-duotone-unset-1\" style=\"margin-top:0;padding-top:4vw;padding-right:4vw;padding-bottom:4vw;padding-left:4vw;min-height:379px;aspect-ratio:unset;\"><span aria-hidden=\"true\" class=\"wp-block-cover__background has-background-dim-30 has-background-dim\"><\/span><img decoding=\"async\" width=\"2560\" height=\"1440\" class=\"wp-block-cover__image-background wp-image-436\" alt=\"\" src=\"https:\/\/selykeogestion.fr\/wp-content\/uploads\/2024\/12\/big-tablets-with-ribbons-scaled.jpg\" data-object-fit=\"cover\" srcset=\"https:\/\/selykeogestion.fr\/wp-content\/uploads\/2024\/12\/big-tablets-with-ribbons-scaled.jpg 2560w, https:\/\/selykeogestion.fr\/wp-content\/uploads\/2024\/12\/big-tablets-with-ribbons-500x281.jpg 500w, https:\/\/selykeogestion.fr\/wp-content\/uploads\/2024\/12\/big-tablets-with-ribbons-1200x675.jpg 1200w, https:\/\/selykeogestion.fr\/wp-content\/uploads\/2024\/12\/big-tablets-with-ribbons-300x169.jpg 300w, https:\/\/selykeogestion.fr\/wp-content\/uploads\/2024\/12\/big-tablets-with-ribbons-768x432.jpg 768w, https:\/\/selykeogestion.fr\/wp-content\/uploads\/2024\/12\/big-tablets-with-ribbons-1536x864.jpg 1536w, https:\/\/selykeogestion.fr\/wp-content\/uploads\/2024\/12\/big-tablets-with-ribbons-2048x1152.jpg 2048w, https:\/\/selykeogestion.fr\/wp-content\/uploads\/2024\/12\/big-tablets-with-ribbons-133x75.jpg 133w, https:\/\/selykeogestion.fr\/wp-content\/uploads\/2024\/12\/big-tablets-with-ribbons-480x270.jpg 480w\" sizes=\"(max-width:767px) 480px, (max-width:2560px) 100vw, 2560px\" \/><div class=\"wp-block-cover__inner-container is-layout-flow wp-block-cover-is-layout-flow\">\n<div class=\"wp-block-group\"><div class=\"wp-block-group__inner-container is-layout-flow wp-block-group-is-layout-flow\"><div class=\"wp-block-image\">\n<figure class=\"alignleft\"><img decoding=\"async\" src=\"https:\/\/fonts.gstatic.com\/s\/e\/notoemoji\/16.0\/1f381\/32.png\" alt=\"\ud83c\udf81\"\/><\/figure>\n<\/div>\n\n\n<p class=\"has-text-align-center has-white-color has-text-color\" style=\"font-size:65px;font-style:normal;font-weight:700;letter-spacing:-2px;line-height:0.9;text-transform:uppercase\">&nbsp;BONUS EXCLUSIF POUR LES 20 PREMIERS INSCRITS<\/p>\n<\/div><\/div>\n\n\n<div class=\"wp-block-image\">\n<figure class=\"alignleft is-resized\"><img decoding=\"async\" src=\"https:\/\/fonts.gstatic.com\/s\/e\/notoemoji\/16.0\/1f680\/32.png\" alt=\"\ud83d\ude80\" style=\"width:40px;height:auto\"\/><\/figure>\n<\/div>\n\n\n<p class=\"has-text-align-center has-medium-font-size\">&nbsp;50% de r\u00e9duction sur l\u2019accompagnement pendant le premier mois<\/p>\n\n\n<div class=\"wp-block-image\">\n<figure class=\"alignleft\"><img decoding=\"async\" src=\"https:\/\/fonts.gstatic.com\/s\/e\/notoemoji\/16.0\/1f4ca\/32.png\" alt=\"\ud83d\udcca\"\/><\/figure>\n<\/div>\n\n\n<p class=\"has-medium-font-size\">&nbsp;Consultation fiscale OFFERTE (valeur 200\u20ac) pour optimiser votre rentabilit\u00e9<\/p>\n<\/div><\/div>\n\n\n\n<div class=\"wp-block-group alignfull has-white-background-color has-background\" style=\"padding-top:6vw;padding-right:6vw;padding-bottom:6vw;padding-left:6vw\"><div class=\"wp-block-group__inner-container is-layout-flow wp-block-group-is-layout-flow\">\n<div class=\"wp-block-group is-vertical is-nowrap is-layout-flex wp-container-core-group-is-layout-287ef9cb wp-block-group-is-layout-flex\" style=\"padding-right:0;padding-left:0\">\n<p class=\"has-vivid-red-color has-text-color\" style=\"font-size:2.1vw;font-style:normal;font-weight:700;letter-spacing:0px;line-height:0.9;text-decoration:none;text-transform:none\">P<strong>R\u00caT \u00c0 PASSER \u00c0 UNE GESTION SIMPLIFI\u00c9E &amp; OPTIMIS\u00c9E ?<\/strong><\/p>\n<\/div>\n\n\n\n<p><img decoding=\"async\" alt=\"\ud83d\udca1\" src=\"https:\/\/fonts.gstatic.com\/s\/e\/notoemoji\/16.0\/1f4a1\/32.png\">&nbsp;\u201cNe perdez plus votre temps avec l\u2019administratif et la comptabilit\u00e9. Avec notre solution tout-en-un, vous vous concentrez sur ce qui compte vraiment : le d\u00e9veloppement de votre activit\u00e9.\u201d<\/p>\n\n\n\n<p><img decoding=\"async\" src=\"https:\/\/fonts.gstatic.com\/s\/e\/notoemoji\/16.0\/1f449\/32.png\" alt=\"\ud83d\udc49\">\u00a0<strong>Faites le bon choix aujourd\u2019hui et rejoignez l\u2019Offre Premium<\/strong>\u00a0<img decoding=\"async\" src=\"https:\/\/fonts.gstatic.com\/s\/e\/notoemoji\/16.0\/1f680\/32.png\" alt=\"\ud83d\ude80\"><\/p>\n<\/div><\/div>\n\n\n\n<p><\/p>\n","protected":false},"excerpt":{"rendered":"<p>OFFRE PREMIUM : ENTREPRENEZ AVEC S\u00c9R\u00c9NIT\u00c9 &amp; PERFORMANCE, TOUT EN UN 24 ANS D\u2019EXP\u00c9RIENCE POUR VOUS ACCOMPAGNER AVEC BIENVEILLANCE Entreprendre est une aventure passionnante, mais la<span class=\"excerpt-hellip\"> [\u2026]<\/span><\/p>\n","protected":false},"author":1,"featured_media":0,"parent":0,"menu_order":0,"comment_status":"closed","ping_status":"closed","template":"","meta":{"_eb_attr":"","footnotes":""},"class_list":["post-505","page","type-page","status-publish","hentry"],"_links":{"self":[{"href":"https:\/\/selykeogestion.fr\/index.php?rest_route=\/wp\/v2\/pages\/505","targetHints":{"allow":["GET"]}}],"collection":[{"href":"https:\/\/selykeogestion.fr\/index.php?rest_route=\/wp\/v2\/pages"}],"about":[{"href":"https:\/\/selykeogestion.fr\/index.php?rest_route=\/wp\/v2\/types\/page"}],"author":[{"embeddable":true,"href":"https:\/\/selykeogestion.fr\/index.php?rest_route=\/wp\/v2\/users\/1"}],"replies":[{"embeddable":true,"href":"https:\/\/selykeogestion.fr\/index.php?rest_route=%2Fwp%2Fv2%2Fcomments&post=505"}],"version-history":[{"count":9,"href":"https:\/\/selykeogestion.fr\/index.php?rest_route=\/wp\/v2\/pages\/505\/revisions"}],"predecessor-version":[{"id":542,"href":"https:\/\/selykeogestion.fr\/index.php?rest_route=\/wp\/v2\/pages\/505\/revisions\/542"}],"wp:attachment":[{"href":"https:\/\/selykeogestion.fr\/index.php?rest_route=%2Fwp%2Fv2%2Fmedia&parent=505"}],"curies":[{"name":"wp","href":"https:\/\/api.w.org\/{rel}","templated":true}]}}