{"id":431,"date":"2024-12-06T16:40:04","date_gmt":"2024-12-06T15:40:04","guid":{"rendered":"https:\/\/selykeogestion.fr\/?page_id=431"},"modified":"2025-04-05T17:25:13","modified_gmt":"2025-04-05T15:25:13","slug":"offres","status":"publish","type":"page","link":"https:\/\/selykeogestion.fr\/?page_id=431","title":{"rendered":"Offres"},"content":{"rendered":"\n<div class=\"wp-block-essential-blocks-pricing-table  root-eb-pricing-28o2f\"><div class=\"eb-parent-wrapper eb-parent-eb-pricing-28o2f \"><div class=\"eb-pricing-28o2f eb-pricing-wrapper eb-pricing-content-center\"><div class=\"eb-pricing style-2\"><div class=\"eb-pricing-item\"><div class=\"eb-pricing-item-overlay\"><\/div><div class=\"eb-pricing-icon\" data-icon=\"dashicons-megaphone\"><span class=\"dashicon dashicons dashicons-megaphone icon\"><\/span><\/div><div class=\"eb-pricing-header\"><h2 class=\"eb-pricing-title\">OFFRE PREMIUM<\/h2><span class=\"eb-pricing-subtitle\">ENTREPRENEZ AVEC S\u00c9R\u00c9NIT\u00c9 &amp; PERFORMANCE, TOUT EN UN<\/span><\/div><div class=\"eb-pricing-tag\"><span class=\"price-tag\"><span class=\"original-price\" data-price=\"148\">148<span class=\"price-currency\">\u20ac<\/span><\/span><\/span><span class=\"price-period\" data-period-separator=\"\/\" data-price-period=\"mois (HT)\">\/ mois (HT)<\/span><\/div><div class=\"eb-pricing-body\"><ul class=\"eb-pricebox-features \"><li class=\"eb-pricebox-feature-item\" data-icon=\"fas fa-check\" data-color=\"var(--eb-global-primary-color)\" data-clickable=\"false\" data-link=\"\"><i class=\"fas fa-check eb-pricebox-icon\" icon=\"fas fa-check\" style=\"color:var(--eb-global-primary-color)\"><\/i><span class=\"eb-pricebox-feature-text\">Accompagnement &amp; Expert-Comptable : 119\u20ac HT\/mois<\/span><\/li><li class=\"eb-pricebox-feature-item\" data-icon=\"fas fa-check\" data-color=\"var(--eb-global-primary-color)\" data-clickable=\"false\" data-link=\"\"><i class=\"fas fa-check eb-pricebox-icon\" icon=\"fas fa-check\" style=\"color:var(--eb-global-primary-color)\"><\/i><span class=\"eb-pricebox-feature-text\">Logiciel de gestion &amp; facturation : 29\u20ac HT\/mois<\/span><\/li><li class=\"eb-pricebox-feature-item\" data-icon=\"fas fa-euro-sign\" data-color=\"var(--eb-global-primary-color)\" data-clickable=\"false\" data-link=\"\"><i class=\"fas fa-euro-sign eb-pricebox-icon\" icon=\"fas fa-euro-sign\" style=\"color:var(--eb-global-primary-color)\"><\/i><span class=\"eb-pricebox-feature-text\">Total : 148\u20ac HT\/mois pour une gestion compl\u00e8te et optimis\u00e9e<\/span><\/li><li class=\"eb-pricebox-feature-item\" data-icon=\"dashicons-megaphone\" data-color=\"var(--eb-global-primary-color)\" data-clickable=\"false\" data-link=\"\"><span class=\"dashicon dashicons dashicons-megaphone eb-pricebox-icon\" style=\"color:var(--eb-global-primary-color)\"><\/span><span class=\"eb-pricebox-feature-text\">Un outil + un expert + un accompagnement = une gestion simplifi\u00e9e et performante, bien moins ch\u00e8re qu\u2019un cabinet comptable classique !<\/span><\/li><\/ul><\/div><div class=\"eb-pricing-footer\"><div class=\"eb-pricing-button-wrapper\"><a href=\"https:\/\/selykeogestion.fr\/?page_id=505\" class=\"eb-pricing-button\"><span class=\"eb-button-text\">+ info<\/span><\/a><\/div><\/div><\/div><\/div><\/div><\/div><\/div>\n","protected":false},"excerpt":{"rendered":"","protected":false},"author":1,"featured_media":0,"parent":0,"menu_order":0,"comment_status":"closed","ping_status":"closed","template":"","meta":{"_eb_attr":"","footnotes":""},"class_list":["post-431","page","type-page","status-publish","hentry"],"_links":{"self":[{"href":"https:\/\/selykeogestion.fr\/index.php?rest_route=\/wp\/v2\/pages\/431","targetHints":{"allow":["GET"]}}],"collection":[{"href":"https:\/\/selykeogestion.fr\/index.php?rest_route=\/wp\/v2\/pages"}],"about":[{"href":"https:\/\/selykeogestion.fr\/index.php?rest_route=\/wp\/v2\/types\/page"}],"author":[{"embeddable":true,"href":"https:\/\/selykeogestion.fr\/index.php?rest_route=\/wp\/v2\/users\/1"}],"replies":[{"embeddable":true,"href":"https:\/\/selykeogestion.fr\/index.php?rest_route=%2Fwp%2Fv2%2Fcomments&post=431"}],"version-history":[{"count":5,"href":"https:\/\/selykeogestion.fr\/index.php?rest_route=\/wp\/v2\/pages\/431\/revisions"}],"predecessor-version":[{"id":544,"href":"https:\/\/selykeogestion.fr\/index.php?rest_route=\/wp\/v2\/pages\/431\/revisions\/544"}],"wp:attachment":[{"href":"https:\/\/selykeogestion.fr\/index.php?rest_route=%2Fwp%2Fv2%2Fmedia&parent=431"}],"curies":[{"name":"wp","href":"https:\/\/api.w.org\/{rel}","templated":true}]}}