{"id":381,"date":"2024-12-05T19:21:27","date_gmt":"2024-12-05T18:21:27","guid":{"rendered":"https:\/\/selykeogestion.fr\/?page_id=381"},"modified":"2025-02-22T18:14:40","modified_gmt":"2025-02-22T17:14:40","slug":"a-propos","status":"publish","type":"page","link":"https:\/\/selykeogestion.fr\/?page_id=381","title":{"rendered":"A propos"},"content":{"rendered":"\n<div class=\"wp-block-media-text has-media-on-the-right is-stacked-on-mobile is-image-fill-element\" style=\"grid-template-columns:auto 42%\"><div class=\"wp-block-media-text__content\">\n<p style=\"font-size:30px\"><strong><mark style=\"background-color:rgba(0, 0, 0, 0)\" class=\"has-inline-color has-vivid-red-color\">Cheffe d&rsquo;entreprise depuis 24 ans dans divers secteurs d&rsquo;activit\u00e9,<\/mark><\/strong><\/p>\n\n\n\n<h6 class=\"wp-block-heading\" style=\"font-size:16px\">je me consacre aujourd&rsquo;hui \u00e0 accompagner les entrepreneur(e)s dans la gestion et la simplification de leur quotidien. Forte de mon exp\u00e9rience, je vous propose un accompagnement personnalis\u00e9 pour ma\u00eetriser tous les aspects de la gestion de votre entreprise, notamment :<\/h6>\n\n\n\n<ul class=\"wp-block-list\">\n<li class=\"has-black-color has-text-color has-link-color wp-elements-13bd4ce6f443763c9e16aaaf4fac1e24\" style=\"font-size:16px\"><strong>Organisation administrative et comptable,<\/strong><\/li>\n\n\n\n<li class=\"has-black-color has-text-color has-link-color wp-elements-7a48a35cb97f10b7c0846d1480d8aec7\" style=\"font-size:16px\"><strong>Utilisation d&rsquo;outils digitaux pour simplifier et automatiser vos processus,<\/strong><\/li>\n\n\n\n<li class=\"has-black-color has-text-color has-link-color wp-elements-10460a774630eed4297669a89ae3b9ff\" style=\"font-size:16px\"><strong>Optimisation fiscale pour maximiser vos r\u00e9sultats financiers,<\/strong><\/li>\n\n\n\n<li class=\"has-black-color has-text-color has-link-color wp-elements-17ed658b26929e8590440ccd82e719b6\" style=\"font-size:16px\"><strong>Am\u00e9lioration globale de la gestion pour gagner en efficacit\u00e9 et en s\u00e9r\u00e9nit\u00e9.<\/strong><\/li>\n<\/ul>\n\n\n\n<p style=\"font-size:16px\">Mon objectif est de vous fournir les cl\u00e9s pour piloter votre activit\u00e9 avec succ\u00e8s tout en optimisant vos ressources.<\/p>\n<\/div><figure class=\"wp-block-media-text__media\"><img fetchpriority=\"high\" decoding=\"async\" width=\"1200\" height=\"798\" src=\"https:\/\/selykeogestion.fr\/wp-content\/uploads\/2024\/12\/10-05-24-298-1200x798.jpg\" alt=\"\" class=\"wp-image-477 size-full\" style=\"object-position:48% 55%\" srcset=\"https:\/\/selykeogestion.fr\/wp-content\/uploads\/2024\/12\/10-05-24-298-1200x798.jpg 1200w, https:\/\/selykeogestion.fr\/wp-content\/uploads\/2024\/12\/10-05-24-298-500x333.jpg 500w, https:\/\/selykeogestion.fr\/wp-content\/uploads\/2024\/12\/10-05-24-298-300x200.jpg 300w, https:\/\/selykeogestion.fr\/wp-content\/uploads\/2024\/12\/10-05-24-298-768x511.jpg 768w, https:\/\/selykeogestion.fr\/wp-content\/uploads\/2024\/12\/10-05-24-298-1536x1022.jpg 1536w, https:\/\/selykeogestion.fr\/wp-content\/uploads\/2024\/12\/10-05-24-298-2048x1363.jpg 2048w, https:\/\/selykeogestion.fr\/wp-content\/uploads\/2024\/12\/10-05-24-298-113x75.jpg 113w, https:\/\/selykeogestion.fr\/wp-content\/uploads\/2024\/12\/10-05-24-298-480x319.jpg 480w\" sizes=\"(max-width:767px) 480px, (max-width:1200px) 100vw, 1200px\" \/><\/figure><\/div>\n\n\n\n<div class=\"wp-block-group is-vertical is-content-justification-center is-nowrap is-layout-flex wp-container-core-group-is-layout-fc169830 wp-block-group-is-layout-flex\">\n<div class=\"wp-block-essential-blocks-infobox  root-eb-infobox-ajrly\"><div class=\"eb-parent-wrapper eb-parent-eb-infobox-ajrly \"><div class=\"eb-infobox-ajrly eb-infobox-wrapper\"><div class=\"infobox-wrapper-inner\"><div class=\"icon-img-wrapper\"><div class=\"eb-icon number-or-icon\"><span class=\"dashicon dashicons dashicons-format-chat eb-infobox-icon-data-selector\"><\/span><\/div><\/div><div class=\"contents-wrapper\"><h4 class=\"title\">Pourquoi faire appel \u00e0 moi ?<\/h4><p class=\"description\">Pour d\u00e9velopper votre chiffre d\u2019affaires, optimiser votre rentabilit\u00e9, surmonter les p\u00e9riodes complexes ou simplement prendre des d\u00e9cisions strat\u00e9giques au bon moment.<\/p><\/div><\/div><\/div><\/div><\/div>\n\n\n\n<div class=\"wp-block-essential-blocks-infobox  root-eb-infobox-5b4sa\"><div class=\"eb-parent-wrapper eb-parent-eb-infobox-5b4sa \"><div class=\"eb-infobox-5b4sa eb-infobox-wrapper\"><div class=\"infobox-wrapper-inner\"><div class=\"icon-img-wrapper\"><div class=\"eb-icon number-or-icon\"><i icon=\"fas fa-info\" class=\"fas fa-info eb-infobox-icon-data-selector\"><\/i><\/div><\/div><div class=\"contents-wrapper\"><h4 class=\"title\">Comment \u00e7a fonctionne ?<\/h4><p class=\"description\">Avec <strong>KeoGestion<\/strong>, je deviens votre copilote, votre alli\u00e9e de confiance, pour structurer vos projets, analyser la sant\u00e9 de votre entreprise et b\u00e2tir des bases solides pour atteindre vos objectifs.<\/p><\/div><\/div><\/div><\/div><\/div>\n\n\n\n<div class=\"wp-block-essential-blocks-infobox  root-eb-infobox-4we08\"><div class=\"eb-parent-wrapper eb-parent-eb-infobox-4we08 \"><div class=\"eb-infobox-4we08 eb-infobox-wrapper\"><div class=\"infobox-wrapper-inner\"><div class=\"icon-img-wrapper\"><div class=\"eb-icon number-or-icon\"><i icon=\"fas fa-rocket\" class=\"fas fa-rocket eb-infobox-icon-data-selector\"><\/i><\/div><\/div><div class=\"contents-wrapper\"><h4 class=\"title\">Alors, pr\u00eat(e) \u00e0 franchir un cap ?<\/h4><p class=\"description\">Je suis l\u00e0 pour vous accompagner et vous guider pas \u00e0 pas vers la r\u00e9ussite.<\/p><\/div><\/div><\/div><\/div><\/div>\n<\/div>\n\n\n\n<div class=\"wp-block-essential-blocks-slider  root-eb-slider-ocj51\"><div class=\"eb-parent-wrapper eb-parent-eb-slider-ocj51 \"><div class=\"eb-slider-wrapper eb-slider-ocj51\" data-blockid=\"eb-slider-ocj51\" data-version=\"v3\" data-settings=\"eyJhcnJvd3MiOnRydWUsImFkYXB0aXZlSGVpZ2h0Ijp0cnVlLCJhdXRvcGxheSI6dHJ1ZSwiYXV0b3BsYXlTcGVlZCI6MzAwMCwiZG90cyI6dHJ1ZSwiZmFkZSI6ZmFsc2UsImluZmluaXRlIjp0cnVlLCJwYXVzZU9uSG92ZXIiOnRydWUsInNsaWRlc1RvU2hvdyI6MSwic3BlZWQiOjUwMCwidmVydGljYWwiOmZhbHNlLCJjdXJyZW50U2xpZGUiOjAsInJ0bCI6ZmFsc2UsInJlc3BvbnNpdmUiOlt7ImJyZWFrcG9pbnQiOjEwMjUsInNldHRpbmdzIjp7InNsaWRlc1RvU2hvdyI6MX19LHsiYnJlYWtwb2ludCI6NzY3LCJzZXR0aW5ncyI6eyJzbGlkZXNUb1Nob3ciOjF9fV19\" data-arrownexticon=\"fas fa-arrow-alt-circle-right\" data-arrowprevicon=\"fas fa-arrow-alt-circle-left\" data-lightbox=\"false\"><div class=\"eb-slider-init eb-slider-type-image\"><div class=\"eb-slider-item content-1\" data-src=\"https:\/\/selykeogestion.fr\/wp-content\/uploads\/2025\/02\/photo-guillaume_00000_f8bec85.jpeg\"><div><img decoding=\"async\" class=\"eb-slider-image\" src=\"https:\/\/selykeogestion.fr\/wp-content\/uploads\/2025\/02\/photo-guillaume_00000_f8bec85.jpeg\"\/><\/div><\/div><div class=\"eb-slider-item content-1\" data-src=\"https:\/\/selykeogestion.fr\/wp-content\/uploads\/2025\/02\/10-05-24-139-scaled.jpg\"><div><img decoding=\"async\" class=\"eb-slider-image\" src=\"https:\/\/selykeogestion.fr\/wp-content\/uploads\/2025\/02\/10-05-24-139-scaled.jpg\"\/><\/div><\/div><\/div><\/div><\/div><\/div>\n","protected":false},"excerpt":{"rendered":"","protected":false},"author":1,"featured_media":0,"parent":0,"menu_order":0,"comment_status":"closed","ping_status":"closed","template":"","meta":{"_eb_attr":"","footnotes":""},"class_list":["post-381","page","type-page","status-publish","hentry"],"_links":{"self":[{"href":"https:\/\/selykeogestion.fr\/index.php?rest_route=\/wp\/v2\/pages\/381","targetHints":{"allow":["GET"]}}],"collection":[{"href":"https:\/\/selykeogestion.fr\/index.php?rest_route=\/wp\/v2\/pages"}],"about":[{"href":"https:\/\/selykeogestion.fr\/index.php?rest_route=\/wp\/v2\/types\/page"}],"author":[{"embeddable":true,"href":"https:\/\/selykeogestion.fr\/index.php?rest_route=\/wp\/v2\/users\/1"}],"replies":[{"embeddable":true,"href":"https:\/\/selykeogestion.fr\/index.php?rest_route=%2Fwp%2Fv2%2Fcomments&post=381"}],"version-history":[{"count":10,"href":"https:\/\/selykeogestion.fr\/index.php?rest_route=\/wp\/v2\/pages\/381\/revisions"}],"predecessor-version":[{"id":521,"href":"https:\/\/selykeogestion.fr\/index.php?rest_route=\/wp\/v2\/pages\/381\/revisions\/521"}],"wp:attachment":[{"href":"https:\/\/selykeogestion.fr\/index.php?rest_route=%2Fwp%2Fv2%2Fmedia&parent=381"}],"curies":[{"name":"wp","href":"https:\/\/api.w.org\/{rel}","templated":true}]}}